{"id":15,"date":"2024-01-21T20:04:25","date_gmt":"2024-01-21T19:04:25","guid":{"rendered":"http:\/\/vogellaw.de\/?page_id=15"},"modified":"2026-01-27T19:55:12","modified_gmt":"2026-01-27T18:55:12","slug":"home","status":"publish","type":"page","link":"https:\/\/vogellaw.de\/","title":{"rendered":"Home"},"content":{"rendered":"<p>[et_pb_section fb_built=&#8220;1&#8243; module_id=&#8220;home2&#8243; _builder_version=&#8220;4.27.5&#8243; _module_preset=&#8220;default&#8220; background_color=&#8220;#f2edde&#8220; custom_padding=&#8220;0px||0px||true|false&#8220; global_colors_info=&#8220;{}&#8220;][et_pb_row use_custom_gutter=&#8220;on&#8220; gutter_width=&#8220;2&#8243; make_equal=&#8220;on&#8220; custom_padding_last_edited=&#8220;off|desktop&#8220; module_class=&#8220;vertikal-zentrieren&#8220; _builder_version=&#8220;4.24.2&#8243; _module_preset=&#8220;default&#8220; background_enable_color=&#8220;off&#8220; use_background_color_gradient=&#8220;on&#8220; background_color_gradient_stops=&#8220;rgba(242,237,222,0.5) 0%|rgba(242,237,222,0.7) 100%&#8220; background_color_gradient_overlays_image=&#8220;on&#8220; background_image=&#8220;https:\/\/vogellaw.de\/wp-content\/uploads\/2024\/03\/pexels-abdel-rahman-abu-baker-1963082.jpg&#8220; width=&#8220;95%&#8220; min_height=&#8220;30vh&#8220; custom_margin=&#8220;||0px||false|false&#8220; custom_padding=&#8220;||||false|true&#8220; custom_padding_tablet=&#8220;|5%||5%|false|true&#8220; custom_padding_phone=&#8220;|5%||5%|false|true&#8220; global_colors_info=&#8220;{}&#8220;][et_pb_column type=&#8220;4_4&#8243; _builder_version=&#8220;4.24.0&#8243; _module_preset=&#8220;default&#8220; global_colors_info=&#8220;{}&#8220;][\/et_pb_column][\/et_pb_row][et_pb_row use_custom_gutter=&#8220;on&#8220; gutter_width=&#8220;2&#8243; make_equal=&#8220;on&#8220; custom_padding_last_edited=&#8220;off|desktop&#8220; _builder_version=&#8220;4.27.5&#8243; _module_preset=&#8220;default&#8220; background_color=&#8220;#FFFFFF&#8220; width=&#8220;95%&#8220; custom_padding=&#8220;3%|3%|0px|3%|false|true&#8220; custom_padding_tablet=&#8220;|5%||5%|false|true&#8220; custom_padding_phone=&#8220;|5%||5%|false|true&#8220; global_colors_info=&#8220;{}&#8220;][et_pb_column type=&#8220;4_4&#8243; _builder_version=&#8220;4.24.0&#8243; _module_preset=&#8220;default&#8220; global_colors_info=&#8220;{}&#8220;][et_pb_text module_class=&#8220;home&#8220; _builder_version=&#8220;4.27.5&#8243; _module_preset=&#8220;default&#8220; text_font=&#8220;||||||||&#8220; text_text_color=&#8220;#2b2b2b&#8220; text_font_size=&#8220;17px&#8220; text_line_height=&#8220;1.6em&#8220; link_font=&#8220;|600|||||||&#8220; link_text_color=&#8220;#2B2B2B&#8220; header_line_height=&#8220;1.4em&#8220; custom_margin=&#8220;||||false|false&#8220; hover_enabled=&#8220;0&#8243; custom_css_free_form=&#8220;\/* Icon vor allen Textlinks *\/||#home2 .et_pb_text a {||    position: relative;||    padding-left: 0.9em;||}||||\/* Pfeil-Icon *\/||#home2 .et_pb_text a::before {||    font-family: %22ETmodules%22;||    content: %22%9245%22; \/* dein Pfeil *\/||    position: absolute;||    left: 0;||    top: 50%;||    transform: translateY(-50%);||    font-size: 0.9em;||    line-height: 1;||    color: currentColor;||}||||h1 {||hyphens: auto;||word-wrap: break-word;||-webkit-hyphens: auto;||-ms-hyphens: auto;||}&#8220; global_colors_info=&#8220;{}&#8220; link_text_color__hover_enabled=&#8220;on|hover&#8220; link_text_color__hover=&#8220;#a0a0a0&#8243; sticky_enabled=&#8220;0&#8243;]<\/p>\n<h1>Vogel Rechtsanwaltsgesellschaft mbH<\/h1>\n<p><strong>Rechtsberatung bei komplexen Problemf\u00e4llen<\/strong><\/p>\n<p>Die <strong>Vogel Rechtsanwaltsgesellschaft mbH<\/strong> ber\u00e4t und vertritt Sie bei nicht allt\u00e4glichen Herausforderungen, die sich existenziell auswirken k\u00f6nnen. Der T\u00e4tigkeitsschwerpunkt liegt auf der rechtlichen und strategischen L\u00f6sung besonders komplexer Sachverhalte, die auch international sein k\u00f6nnen.<\/p>\n<p><span style=\"font-size: 17px;\">Ihr Problem ist von erheblicher pers\u00f6nlicher oder wirtschaftlicher Tragweite gepr\u00e4gt bzw. Sie m\u00f6chten etwas mehr tun? Entsprechend\u00a0 entwickeln und verwirklichen wir individuelle, taktisch durchdachte L\u00f6sungen, die rechtliche, wirtschaftliche und tats\u00e4chliche Aspekte gleicherma\u00dfen ber\u00fccksichtigen.<\/span><\/p>\n<h2>Internationale Vertretung und diskrete Probleml\u00f6sungen<\/h2>\n<p>Wir vertreten Sie weltweit in Zusammenarbeit mit kooperierenden, im jeweiligen Land niedergelassenen Berufstr\u00e4gern. Weitere Expertise erhalten wir \u00fcber den Austausch mit bekannten Spezialisten und Professoren der jeweiligen Themenbereiche. Dabei steht stets die effektivste Strategie zur Wahrung Ihrer Interessen im Vordergrund.<\/p>\n<p>[\/et_pb_text][et_pb_text module_class=&#8220;home&#8220; _builder_version=&#8220;4.27.5&#8243; _module_preset=&#8220;default&#8220; text_font=&#8220;||||||||&#8220; text_text_color=&#8220;#2b2b2b&#8220; text_font_size=&#8220;17px&#8220; text_line_height=&#8220;1.6em&#8220; link_font=&#8220;|600|||||||&#8220; link_text_color=&#8220;#2B2B2B&#8220; header_line_height=&#8220;1.4em&#8220; custom_margin=&#8220;||||false|false&#8220; hover_enabled=&#8220;0&#8243; custom_css_free_form=&#8220;\/* Icon vor allen Textlinks *\/||#home2 .et_pb_text a {||    position: relative;||    padding-left: 0.9em;||}||||\/* Pfeil-Icon *\/||#home2 .et_pb_text a::before {||    font-family: %22ETmodules%22;||    content: %22%9245%22; \/* dein Pfeil *\/||    position: absolute;||    left: 0;||    top: 50%;||    transform: translateY(-50%);||    font-size: 0.9em;||    line-height: 1;||    color: currentColor;||}||&#8220; global_colors_info=&#8220;{}&#8220; link_text_color__hover_enabled=&#8220;on|hover&#8220; link_text_color__hover=&#8220;#a0a0a0&#8243; sticky_enabled=&#8220;0&#8243; custom_padding=&#8220;18px||13px|||&#8220;]<\/p>\n<h2>Kontaktoptionen<\/h2>\n<h2><\/h2>\n<p>[\/et_pb_text][\/et_pb_column][\/et_pb_row][et_pb_row column_structure=&#8220;1_2,1_4,1_4&#8243; use_custom_gutter=&#8220;on&#8220; gutter_width=&#8220;2&#8243; make_equal=&#8220;on&#8220; custom_padding_last_edited=&#8220;off|desktop&#8220; _builder_version=&#8220;4.27.5&#8243; _module_preset=&#8220;default&#8220; background_color=&#8220;#FFFFFF&#8220; width=&#8220;95%&#8220; custom_margin=&#8220;||0px||false|false&#8220; custom_padding=&#8220;0px|3%|0px|3%|false|true&#8220; custom_padding_tablet=&#8220;|5%||5%|false|true&#8220; custom_padding_phone=&#8220;|5%||5%|false|true&#8220; global_colors_info=&#8220;{}&#8220;][et_pb_column type=&#8220;1_2&#8243; _builder_version=&#8220;4.24.0&#8243; _module_preset=&#8220;default&#8220; global_colors_info=&#8220;{}&#8220;][et_pb_blurb title=&#8220;Vogel Rechtsanwaltsgesellschaft mbH&#8220; use_icon=&#8220;on&#8220; font_icon=&#8220;&#xe081;||divi||400&#8243; icon_color=&#8220;#332F22&#8243; image_icon_background_color=&#8220;RGBA(255,255,255,0)&#8220; image_icon_width=&#8220;39px&#8220; _builder_version=&#8220;4.27.5&#8243; _module_preset=&#8220;default&#8220; header_text_color=&#8220;#000000&#8243; body_text_color=&#8220;#000000&#8243; body_link_font=&#8220;|600|||||||&#8220; background_color=&#8220;rgba(242,237,222,0.71)&#8220; custom_padding=&#8220;10px|10px|10px|10px|false|false&#8220; global_colors_info=&#8220;{}&#8220;]Unter den Linden 21<br \/>\n10117 Berlin<br \/>\nFon: <a href=\"tel:+493040054044\">+49 30 400 54 044<\/a><br \/>\nFax: +49 30 400 54 045<br \/>\nE-Mail: <a href=\"mailto:info@vogellaw.de\">info@vogellaw.de<\/a><\/p>\n<p><strong>Konferenzsaal:<\/strong><br \/>\nFriedrichstra\u00dfe 125[\/et_pb_blurb][\/et_pb_column][et_pb_column type=&#8220;1_4&#8243; _builder_version=&#8220;4.24.0&#8243; _module_preset=&#8220;default&#8220; global_colors_info=&#8220;{}&#8220;][et_pb_blurb title=&#8220;Baden-Baden&#8220; use_icon=&#8220;on&#8220; font_icon=&#8220;&#xf2bb;||fa||400&#8243; icon_color=&#8220;#332F22&#8243; image_icon_background_color=&#8220;RGBA(255,255,255,0)&#8220; image_icon_width=&#8220;25px&#8220; _builder_version=&#8220;4.27.5&#8243; _module_preset=&#8220;default&#8220; header_text_color=&#8220;#000000&#8243; body_text_color=&#8220;#000000&#8243; body_link_font=&#8220;|600|||||||&#8220; background_color=&#8220;rgba(242,237,222,0.71)&#8220; image_icon_custom_margin=&#8220;||||false|false&#8220; custom_padding=&#8220;10px|10px|10px|10px|false|false&#8220; custom_css_blurb_image=&#8220;margin-bottom: 15px&#8220; global_colors_info=&#8220;{}&#8220;]<\/p>\n<p>Fon: <a href=\"tel:+4972219250974\">+49 7221 9250974<\/a><br \/>E-Mail: <a href=\"mailto:baden@vogellaw.de\">baden@vogellaw.de<\/a><\/p>\n<p>[\/et_pb_blurb][et_pb_blurb title=&#8220;M\u00fcnchen&#8220; use_icon=&#8220;on&#8220; font_icon=&#8220;&#xf2bb;||fa||400&#8243; icon_color=&#8220;#332F22&#8243; image_icon_background_color=&#8220;RGBA(255,255,255,0)&#8220; image_icon_width=&#8220;25px&#8220; _builder_version=&#8220;4.27.5&#8243; _module_preset=&#8220;default&#8220; header_text_color=&#8220;#000000&#8243; body_text_color=&#8220;#000000&#8243; body_link_font=&#8220;|600|||||||&#8220; background_color=&#8220;rgba(242,237,222,0.71)&#8220; custom_padding=&#8220;10px|10px|10px|10px|false|false&#8220; custom_css_blurb_image=&#8220;margin-bottom: 15px;&#8220; global_colors_info=&#8220;{}&#8220;]<\/p>\n<p>Fon: <a href=\"tel:+498959997400\">+49 89 59997400<\/a><br \/>E-Mail: <a href=\"mailto:muenchen@vogellaw.de\">muenchen@vogellaw.de<\/a><\/p>\n<p>[\/et_pb_blurb][et_pb_blurb title=&#8220;Venedig&#8220; use_icon=&#8220;on&#8220; font_icon=&#8220;&#xf2bb;||fa||400&#8243; icon_color=&#8220;#332F22&#8243; image_icon_background_color=&#8220;RGBA(255,255,255,0)&#8220; image_icon_width=&#8220;25px&#8220; _builder_version=&#8220;4.27.5&#8243; _module_preset=&#8220;default&#8220; header_text_color=&#8220;#000000&#8243; body_text_color=&#8220;#000000&#8243; body_link_font=&#8220;|600|||||||&#8220; background_color=&#8220;rgba(242,237,222,0.71)&#8220; custom_padding=&#8220;10px|10px|10px|10px|false|false&#8220; custom_css_blurb_image=&#8220;margin-bottom: 15px;&#8220; global_colors_info=&#8220;{}&#8220;]<\/p>\n<p>Fon: <a href=\"tel:+390418687232\">+39 041 868 72 32<\/a><br \/>E-Mail: <a href=\"mailto:venedig@vogellaw.de\">venedig@vogellaw.de<\/a><\/p>\n<p>[\/et_pb_blurb][\/et_pb_column][et_pb_column type=&#8220;1_4&#8243; _builder_version=&#8220;4.24.0&#8243; _module_preset=&#8220;default&#8220; global_colors_info=&#8220;{}&#8220;][et_pb_blurb title=&#8220;London&#8220; use_icon=&#8220;on&#8220; font_icon=&#8220;&#xf2bb;||fa||400&#8243; icon_color=&#8220;#332F22&#8243; image_icon_background_color=&#8220;RGBA(255,255,255,0)&#8220; image_icon_width=&#8220;25px&#8220; _builder_version=&#8220;4.27.5&#8243; _module_preset=&#8220;default&#8220; header_text_color=&#8220;#000000&#8243; body_text_color=&#8220;#000000&#8243; body_link_font=&#8220;|600|||||||&#8220; background_color=&#8220;rgba(242,237,222,0.71)&#8220; custom_padding=&#8220;10px|10px|10px|10px|false|false&#8220; custom_css_blurb_image=&#8220;margin-bottom: 15px;&#8220; global_colors_info=&#8220;{}&#8220;]<\/p>\n<p>Fon: <a href=\"tel:+442077706344\">+44 20 7770 6344<\/a><br \/>E-Mail: <a href=\"mailto:london@vogellaw.de\">london@vogellaw.de<\/a><\/p>\n<p>[\/et_pb_blurb][et_pb_blurb title=&#8220;Z\u00fcrich&#8220; use_icon=&#8220;on&#8220; font_icon=&#8220;&#xf2bb;||fa||400&#8243; icon_color=&#8220;#332F22&#8243; image_icon_background_color=&#8220;RGBA(255,255,255,0)&#8220; image_icon_width=&#8220;25px&#8220; _builder_version=&#8220;4.27.5&#8243; _module_preset=&#8220;default&#8220; header_text_color=&#8220;#000000&#8243; body_text_color=&#8220;#000000&#8243; body_link_font=&#8220;|600|||||||&#8220; background_color=&#8220;rgba(242,237,222,0.71)&#8220; custom_padding=&#8220;10px|10px|10px|10px|false|false&#8220; custom_css_blurb_image=&#8220;margin-bottom: 15px;&#8220; global_colors_info=&#8220;{}&#8220;]<\/p>\n<p>Fon: <a href=\"tel:+41435083605\">+41 43 508 36 05<\/a><br \/>E-Mail: <a href=\"mailto:zuerich@vogellaw.de\">zuerich@vogellaw.de<\/a><\/p>\n<p>[\/et_pb_blurb][et_pb_blurb title=&#8220;Monaco&#8220; use_icon=&#8220;on&#8220; font_icon=&#8220;&#xf2bb;||fa||400&#8243; icon_color=&#8220;#332F22&#8243; image_icon_background_color=&#8220;RGBA(255,255,255,0)&#8220; image_icon_width=&#8220;25px&#8220; _builder_version=&#8220;4.27.5&#8243; _module_preset=&#8220;default&#8220; header_text_color=&#8220;#000000&#8243; body_text_color=&#8220;#000000&#8243; body_link_font=&#8220;|600|||||||&#8220; background_color=&#8220;rgba(242,237,222,0.71)&#8220; custom_padding=&#8220;10px|10px|10px|10px|false|false&#8220; custom_css_blurb_image=&#8220;margin-bottom: 15px;&#8220; global_colors_info=&#8220;{}&#8220;]<\/p>\n<p>Fon: <a href=\"tel:+442077706344\">+44 20 7770 6344<\/a><br \/>E-Mail: <a href=\"mailto:monaco@vogellaw.de\">monaco@vogellaw.de<\/a><\/p>\n<p>[\/et_pb_blurb][\/et_pb_column][\/et_pb_row][et_pb_row use_custom_gutter=&#8220;on&#8220; gutter_width=&#8220;2&#8243; make_equal=&#8220;on&#8220; custom_padding_last_edited=&#8220;off|desktop&#8220; _builder_version=&#8220;4.24.0&#8243; _module_preset=&#8220;default&#8220; background_color=&#8220;#FFFFFF&#8220; width=&#8220;95%&#8220; custom_padding=&#8220;3%|3%|3%|3%|true|true&#8220; custom_padding_tablet=&#8220;|5%||5%|false|true&#8220; custom_padding_phone=&#8220;|5%||5%|false|true&#8220; global_colors_info=&#8220;{}&#8220;][et_pb_column type=&#8220;4_4&#8243; _builder_version=&#8220;4.24.0&#8243; _module_preset=&#8220;default&#8220; global_colors_info=&#8220;{}&#8220;][et_pb_text _builder_version=&#8220;4.27.5&#8243; _module_preset=&#8220;default&#8220; text_font=&#8220;||||||||&#8220; text_text_color=&#8220;#2b2b2b&#8220; text_font_size=&#8220;17px&#8220; text_line_height=&#8220;1.6em&#8220; link_font=&#8220;|600|||||||&#8220; link_text_color=&#8220;#2B2B2B&#8220; header_line_height=&#8220;1.4em&#8220; custom_margin=&#8220;||||false|false&#8220; global_colors_info=&#8220;{}&#8220; link_text_color__hover_enabled=&#8220;on|hover&#8220; link_text_color__hover=&#8220;#a0a0a0&#8243;]<\/p>\n<h2>Forensic Services, Ermittlungen und Verm\u00f6gensr\u00fcckf\u00fchrung<\/h2>\n<p>Zur Aufkl\u00e4rung komplexer Sachverhalte greifen wir auf ein <a href=\"https:\/\/vogellaw.de\/?page_id=740\">Netzwerk spezialisierter Ermittler<\/a>, Spezialdetekteien mit nachrichtendienstlichem Hintergrund und Forensic-Dienstleistern zur\u00fcck. Diese unterst\u00fctzen bei der Sachverhaltsaufkl\u00e4rung, Beweisermittlung und der gerichtsfesten Aufbereitung von Verdachtsmomenten.<o:p>\u00a0<\/o:p><\/p>\n<p>Kann eine Forderung nicht unmittelbar realisiert werden, pr\u00fcfen wir durch spezialisierte Verm\u00f6gensermittler den Verbleib von Geldern oder Verm\u00f6genswerten. Bei kunstbezogenen Sachverhalten erfolgt dies in Zusammenarbeit mit erfahrenen Kunstermittlern.<o:p>\u00a0<\/o:p><\/p>\n<h2>Mandate mit \u00f6ffentlicher Relevanz<\/h2>\n<p>Sie stehen im \u00f6ffentlichen Leben? Ein hohes Ma\u00df an <strong>Diskretion, Fingerspitzengef\u00fchl und Erfahrung im Umgang mit medialer Sensibilit\u00e4t<\/strong> ist daher selbstverst\u00e4ndlich. Ob ein Sachverhalt streng vertraulich intern gel\u00f6st oder \u00fcber Strafverfolgungsorgane und Gerichte nach au\u00dfen getragen wird, entscheiden Sie \u2013 wir begleiten beide Wege strategisch und rechtssicher.<o:p>\u00a0<\/o:p><\/p>\n<p>In vielen F\u00e4llen lassen sich durch pr\u00e4ventive Ma\u00dfnahmen oder taktisch kluges Vorgehen Eskalationen vermeiden oder nachtr\u00e4glich eind\u00e4mmen.<o:p>\u00a0<\/o:p><\/p>\n<h2>Pers\u00f6nliche Beratung \u2013 auch international<\/h2>\n<p>Der <a href=\"https:\/\/vogellaw.de\/?page_id=17\">internationalen Ausrichtung<\/a> <a href=\"https:\/\/vogellaw.de\/?page_id=17\"><\/a> entsprechend \u2013 sind pers\u00f6nliche Gespr\u00e4che auch in Ihrer Region m\u00f6glich.<o:p>\u00a0<\/o:p><\/p>\n<h2>Kanzlei &amp; Kontakt<\/h2>\n<p>Unter <a href=\"https:\/\/vogellaw.de\/?page_id=19\"><strong>Aktuelles<\/strong><\/a> ver\u00f6ffentlichen wir ausgew\u00e4hlte Urteile, Gesetzes\u00e4nderungen und Kanzleineuigkeiten. Der Bereich <a href=\"https:\/\/vogellaw.de\/?page_id=692\">Fachbegriffe<\/a> bietet Erl\u00e4uterungen zu zentralen juristischen Themen. Unsere <a href=\"https:\/\/vogellaw.de\/?page_id=25\">Mitgliedschaften<\/a> und institutionellen Kontakte dokumentieren die fachliche Einbindung der Kanzlei.<\/p>\n<p>Gerne k\u00f6nnen Sie \u00fcber das <a href=\"https:\/\/vogellaw.de\/?page_id=25\">Kontaktformular<\/a> mit uns in Verbindung treten.<\/p>\n<p>[\/et_pb_text][\/et_pb_column][\/et_pb_row][\/et_pb_section]<\/p>\n","protected":false},"excerpt":{"rendered":"<p>Vogel Rechtsanwaltsgesellschaft mbH Rechtsberatung bei komplexen Problemf\u00e4llen Die Vogel Rechtsanwaltsgesellschaft mbH ber\u00e4t und vertritt Sie bei nicht allt\u00e4glichen Herausforderungen, die sich existenziell auswirken k\u00f6nnen. Der T\u00e4tigkeitsschwerpunkt liegt auf der rechtlichen und strategischen L\u00f6sung besonders komplexer Sachverhalte, die auch international sein k\u00f6nnen. Ihr Problem ist von erheblicher pers\u00f6nlicher oder wirtschaftlicher Tragweite gepr\u00e4gt bzw. Sie m\u00f6chten etwas [&hellip;]<\/p>\n","protected":false},"author":1,"featured_media":0,"parent":0,"menu_order":0,"comment_status":"closed","ping_status":"closed","template":"","meta":{"_et_pb_use_builder":"on","_et_pb_old_content":"<!-- wp:divi\/placeholder \/-->","_et_gb_content_width":"","footnotes":""},"class_list":["post-15","page","type-page","status-publish","hentry"],"_links":{"self":[{"href":"https:\/\/vogellaw.de\/index.php?rest_route=\/wp\/v2\/pages\/15","targetHints":{"allow":["GET"]}}],"collection":[{"href":"https:\/\/vogellaw.de\/index.php?rest_route=\/wp\/v2\/pages"}],"about":[{"href":"https:\/\/vogellaw.de\/index.php?rest_route=\/wp\/v2\/types\/page"}],"author":[{"embeddable":true,"href":"https:\/\/vogellaw.de\/index.php?rest_route=\/wp\/v2\/users\/1"}],"replies":[{"embeddable":true,"href":"https:\/\/vogellaw.de\/index.php?rest_route=%2Fwp%2Fv2%2Fcomments&post=15"}],"version-history":[{"count":32,"href":"https:\/\/vogellaw.de\/index.php?rest_route=\/wp\/v2\/pages\/15\/revisions"}],"predecessor-version":[{"id":1387,"href":"https:\/\/vogellaw.de\/index.php?rest_route=\/wp\/v2\/pages\/15\/revisions\/1387"}],"wp:attachment":[{"href":"https:\/\/vogellaw.de\/index.php?rest_route=%2Fwp%2Fv2%2Fmedia&parent=15"}],"curies":[{"name":"wp","href":"https:\/\/api.w.org\/{rel}","templated":true}]}}