{"id":17,"date":"2024-01-21T20:05:21","date_gmt":"2024-01-21T19:05:21","guid":{"rendered":"http:\/\/vogellaw.de\/?page_id=17"},"modified":"2024-03-08T21:10:14","modified_gmt":"2024-03-08T20:10:14","slug":"regionen","status":"publish","type":"page","link":"https:\/\/vogellaw.de\/?page_id=17","title":{"rendered":"Regionen"},"content":{"rendered":"<p>[et_pb_section fb_built=&#8220;1&#8243; _builder_version=&#8220;4.24.0&#8243; _module_preset=&#8220;default&#8220; background_color=&#8220;#f2edde&#8220; custom_padding=&#8220;0px||0px||true|false&#8220; global_colors_info=&#8220;{}&#8220;][et_pb_row use_custom_gutter=&#8220;on&#8220; gutter_width=&#8220;2&#8243; make_equal=&#8220;on&#8220; custom_padding_last_edited=&#8220;off|desktop&#8220; module_class=&#8220;vertikal-zentrieren&#8220; _builder_version=&#8220;4.24.2&#8243; _module_preset=&#8220;default&#8220; background_enable_color=&#8220;off&#8220; use_background_color_gradient=&#8220;on&#8220; background_color_gradient_stops=&#8220;rgba(242,237,222,0.5) 0%|rgba(242,237,222,0.7) 100%&#8220; background_color_gradient_overlays_image=&#8220;on&#8220; background_image=&#8220;https:\/\/vogellaw.de\/wp-content\/uploads\/2024\/03\/pexels-maria-tyutina-2495811.jpg&#8220; background_position=&#8220;bottom_center&#8220; width=&#8220;95%&#8220; min_height=&#8220;30vh&#8220; custom_margin=&#8220;||0px||false|false&#8220; custom_padding=&#8220;||||false|true&#8220; custom_padding_tablet=&#8220;|5%||5%|false|true&#8220; custom_padding_phone=&#8220;|5%||5%|false|true&#8220; global_colors_info=&#8220;{}&#8220;][et_pb_column type=&#8220;4_4&#8243; _builder_version=&#8220;4.24.0&#8243; _module_preset=&#8220;default&#8220; global_colors_info=&#8220;{}&#8220;][\/et_pb_column][\/et_pb_row][et_pb_row use_custom_gutter=&#8220;on&#8220; gutter_width=&#8220;2&#8243; make_equal=&#8220;on&#8220; custom_padding_last_edited=&#8220;off|desktop&#8220; _builder_version=&#8220;4.24.2&#8243; _module_preset=&#8220;default&#8220; background_color=&#8220;#FFFFFF&#8220; width=&#8220;95%&#8220; custom_padding=&#8220;3%|3%|3%|3%|true|true&#8220; custom_padding_tablet=&#8220;|5%||5%|false|true&#8220; custom_padding_phone=&#8220;|5%||5%|false|true&#8220; global_colors_info=&#8220;{}&#8220;][et_pb_column type=&#8220;4_4&#8243; _builder_version=&#8220;4.24.0&#8243; _module_preset=&#8220;default&#8220; global_colors_info=&#8220;{}&#8220;][et_pb_text _builder_version=&#8220;4.24.2&#8243; _module_preset=&#8220;default&#8220; header_font=&#8220;|700|||||||&#8220; header_text_align=&#8220;center&#8220; header_text_color=&#8220;#000000&#8243; header_font_size=&#8220;3.2em&#8220; header_font_size_tablet=&#8220;3em&#8220; header_font_size_phone=&#8220;2em&#8220; header_font_size_last_edited=&#8220;on|phone&#8220; global_colors_info=&#8220;{}&#8220;]<\/p>\n<h1 style=\"text-align: left;\">Regionen<\/h1>\n<p>[\/et_pb_text][et_pb_text _builder_version=&#8220;4.24.2&#8243; _module_preset=&#8220;default&#8220; text_text_color=&#8220;#2b2b2b&#8220; text_font_size=&#8220;17px&#8220; text_line_height=&#8220;1.6em&#8220; link_text_color=&#8220;#2B2B2B&#8220; hover_enabled=&#8220;0&#8243; global_colors_info=&#8220;{}&#8220; link_text_color__hover_enabled=&#8220;on|hover&#8220; link_text_color__hover=&#8220;#a0a0a0&#8243; text_font=&#8220;||||||||&#8220; sticky_enabled=&#8220;0&#8243;]<\/p>\n<p class=\"text-justify\">Die Vogel Rechtsanwaltsgesellschaft mbH ist entsprechend ihrer Ausrichtung bundesweit, aber auch international aktiv und insbesondere auch in staaten\u00fcbergreifenden Konstellationen t\u00e4tig. Das Sekretariat ist f\u00fcr<span>\u00a0<\/span><strong>dringende Notf\u00e4lle 24 Stunden besetzt<\/strong>.<\/p>\n<p class=\"text-justify\">Wunschgem\u00e4\u00df finden Besprechungen auch ausserhalb vom Sitz der Gesellschaft, etwa im gesamten Bundesgebiet, EU-Ausland oder der Schweiz in den R\u00e4umlichkeiten der Mandantschaft statt.<\/p>\n<p class=\"text-justify\">Au\u00dferhalb Europas werden Termine dagegen meistens durch Kooperationspartner wahrgenommen. Dies gilt auch f\u00fcr Gerichtstermine.<\/p>\n<p class=\"text-justify\">Pers\u00f6nliche Termine sind nur nach vorheriger Vereinbarung per Telefon oder Email m\u00f6glich.<\/p>\n<p>[\/et_pb_text][\/et_pb_column][\/et_pb_row][\/et_pb_section]<\/p>\n","protected":false},"excerpt":{"rendered":"<p>RegionenDie Vogel Rechtsanwaltsgesellschaft mbH ist entsprechend ihrer Ausrichtung bundesweit, aber auch international aktiv und insbesondere auch in staaten\u00fcbergreifenden Konstellationen t\u00e4tig. Das Sekretariat ist f\u00fcr\u00a0dringende Notf\u00e4lle 24 Stunden besetzt. Wunschgem\u00e4\u00df finden Besprechungen auch ausserhalb vom Sitz der Gesellschaft, etwa im gesamten Bundesgebiet, EU-Ausland oder der Schweiz in den R\u00e4umlichkeiten der Mandantschaft statt. Au\u00dferhalb Europas werden Termine [&hellip;]<\/p>\n","protected":false},"author":1,"featured_media":0,"parent":0,"menu_order":0,"comment_status":"closed","ping_status":"closed","template":"","meta":{"_et_pb_use_builder":"on","_et_pb_old_content":"<!-- wp:divi\/placeholder \/-->","_et_gb_content_width":"","footnotes":""},"class_list":["post-17","page","type-page","status-publish","hentry"],"_links":{"self":[{"href":"https:\/\/vogellaw.de\/index.php?rest_route=\/wp\/v2\/pages\/17","targetHints":{"allow":["GET"]}}],"collection":[{"href":"https:\/\/vogellaw.de\/index.php?rest_route=\/wp\/v2\/pages"}],"about":[{"href":"https:\/\/vogellaw.de\/index.php?rest_route=\/wp\/v2\/types\/page"}],"author":[{"embeddable":true,"href":"https:\/\/vogellaw.de\/index.php?rest_route=\/wp\/v2\/users\/1"}],"replies":[{"embeddable":true,"href":"https:\/\/vogellaw.de\/index.php?rest_route=%2Fwp%2Fv2%2Fcomments&post=17"}],"version-history":[{"count":12,"href":"https:\/\/vogellaw.de\/index.php?rest_route=\/wp\/v2\/pages\/17\/revisions"}],"predecessor-version":[{"id":1303,"href":"https:\/\/vogellaw.de\/index.php?rest_route=\/wp\/v2\/pages\/17\/revisions\/1303"}],"wp:attachment":[{"href":"https:\/\/vogellaw.de\/index.php?rest_route=%2Fwp%2Fv2%2Fmedia&parent=17"}],"curies":[{"name":"wp","href":"https:\/\/api.w.org\/{rel}","templated":true}]}}