{"id":31,"date":"2024-01-21T20:06:52","date_gmt":"2024-01-21T19:06:52","guid":{"rendered":"http:\/\/vogellaw.de\/?page_id=31"},"modified":"2025-07-15T16:51:15","modified_gmt":"2025-07-15T14:51:15","slug":"impressum","status":"publish","type":"page","link":"https:\/\/vogellaw.de\/?page_id=31","title":{"rendered":"Impressum"},"content":{"rendered":"<p>[et_pb_section fb_built=&#8220;1&#8243; _builder_version=&#8220;4.24.0&#8243; _module_preset=&#8220;default&#8220; background_color=&#8220;#f2edde&#8220; custom_padding=&#8220;0px||0px||true|false&#8220; global_colors_info=&#8220;{}&#8220;][et_pb_row use_custom_gutter=&#8220;on&#8220; gutter_width=&#8220;2&#8243; make_equal=&#8220;on&#8220; custom_padding_last_edited=&#8220;off|desktop&#8220; module_class=&#8220;vertikal-zentrieren&#8220; _builder_version=&#8220;4.24.2&#8243; _module_preset=&#8220;default&#8220; background_enable_color=&#8220;off&#8220; use_background_color_gradient=&#8220;on&#8220; background_color_gradient_stops=&#8220;rgba(242,237,222,0.5) 0%|rgba(242,237,222,0.7) 100%&#8220; background_color_gradient_overlays_image=&#8220;on&#8220; background_image=&#8220;https:\/\/vogellaw.de\/wp-content\/uploads\/2024\/03\/pexels-abdel-rahman-abu-baker-1963082.jpg&#8220; width=&#8220;95%&#8220; min_height=&#8220;30vh&#8220; custom_margin=&#8220;||0px||false|false&#8220; custom_padding=&#8220;||||false|true&#8220; custom_padding_tablet=&#8220;|5%||5%|false|true&#8220; custom_padding_phone=&#8220;|5%||5%|false|true&#8220; global_colors_info=&#8220;{}&#8220;][et_pb_column type=&#8220;4_4&#8243; _builder_version=&#8220;4.24.0&#8243; _module_preset=&#8220;default&#8220; global_colors_info=&#8220;{}&#8220;][\/et_pb_column][\/et_pb_row][et_pb_row use_custom_gutter=&#8220;on&#8220; gutter_width=&#8220;2&#8243; make_equal=&#8220;on&#8220; custom_padding_last_edited=&#8220;off|desktop&#8220; _builder_version=&#8220;4.24.0&#8243; _module_preset=&#8220;default&#8220; background_color=&#8220;#FFFFFF&#8220; width=&#8220;95%&#8220; custom_padding=&#8220;3%|3%|3%|3%|true|true&#8220; custom_padding_tablet=&#8220;|5%||5%|false|true&#8220; custom_padding_phone=&#8220;|5%||5%|false|true&#8220; global_colors_info=&#8220;{}&#8220;][et_pb_column type=&#8220;4_4&#8243; _builder_version=&#8220;4.24.0&#8243; _module_preset=&#8220;default&#8220; global_colors_info=&#8220;{}&#8220;][et_pb_text _builder_version=&#8220;4.24.2&#8243; _module_preset=&#8220;default&#8220; header_font=&#8220;|700|||||||&#8220; header_text_align=&#8220;center&#8220; header_text_color=&#8220;#000000&#8243; header_font_size=&#8220;3.2em&#8220; header_font_size_tablet=&#8220;3em&#8220; header_font_size_phone=&#8220;2em&#8220; header_font_size_last_edited=&#8220;on|phone&#8220; global_colors_info=&#8220;{}&#8220;]<\/p>\n<h1 style=\"text-align: left;\">Impressum<\/h1>\n<p>[\/et_pb_text][et_pb_text _builder_version=&#8220;4.24.2&#8243; _module_preset=&#8220;default&#8220; text_text_color=&#8220;#2b2b2b&#8220; text_font_size=&#8220;17px&#8220; text_line_height=&#8220;1.6em&#8220; link_text_color=&#8220;#2B2B2B&#8220; ul_line_height=&#8220;1.6em&#8220; global_colors_info=&#8220;{}&#8220; link_text_color__hover_enabled=&#8220;on|hover&#8220; link_text_color__hover=&#8220;#a0a0a0&#8243;]<\/p>\n<div id=\"c297\" class=\"frame frame-default frame-type-textpic frame-layout-0 frame-background-none frame-no-backgroundimage frame-space-before-extra-small frame-space-after-none\">\n<div class=\"frame-container\">\n<div class=\"frame-inner\">\n<div class=\"textpic textpic-above\">\n<div class=\"textpic-item textpic-text\">\n<div id=\"c231\" class=\"frame frame-default frame-type-textpic frame-layout-0 frame-background-none frame-no-backgroundimage frame-space-before-none frame-space-after-none\">\n<div class=\"frame-container\">\n<div class=\"frame-inner\">\n<div class=\"textpic textpic-above\">\n<div class=\"textpic-item textpic-text\">\n<p class=\"sf text-justify\"><strong>Vogel Rechtsanwaltsgesellschaft mbH<br \/>Unter den Linden 21<br \/>10117 Berlin<\/strong><\/p>\n<p class=\"sf text-justify\">Fon: 0049 30 400 54 044<br \/>Fax: 0049 30 400 54 045<\/p>\n<p class=\"sf text-justify\">Konferenzsaal Friedrichstr. 125<\/p>\n<p class=\"sf text-justify\"><a href=\"https:\/\/web.archive.org\/web\/20220818100252\/mailto:info@vogellaw.de\">info@vogellaw.de<\/a><\/p>\n<p class=\"sf text-justify\">Ausw\u00e4rtige Sprechtage finden regelm\u00e4\u00dfig in den gro\u00dfen deutschen St\u00e4dten statt. Nahezu w\u00f6chentlich dagegen in M\u00fcnchen, London und Z\u00fcrich (Post jedoch nur nach Berlin):<\/p>\n<p class=\"sf text-justify\"><strong>M\u00fcnchen<\/strong><br \/>Fon: 0049 89 59997400<br \/><a href=\"https:\/\/web.archive.org\/web\/20220818100252\/mailto:muenchen@vogellaw.de\">muenchen@vogellaw.de<\/a><\/p>\n<p><strong>Baden Baden<\/strong><br \/>Fon: 0049 7221 9250974<br \/><a href=\"https:\/\/web.archive.org\/web\/20220818100252\/mailto:baden@vogellaw.de\">baden@vogellaw.de<\/a><\/p>\n<p><strong>London<\/strong><br \/>Fon: 0044 2077706344<br \/><a href=\"https:\/\/web.archive.org\/web\/20220818100252\/mailto:london@vogellaw.de\">london@vogellaw.de<\/a><\/p>\n<p><strong>Z\u00fcrich<\/strong><br \/>Fon: 0041 43 5083605<br \/><a href=\"https:\/\/web.archive.org\/web\/20220818100252\/mailto:zuerich@vogellaw.de\">zuerich@vogellaw.de<\/a><\/p>\n<p><strong>Venedig<\/strong><br \/>Fon: 0039<span>\u00a00418687232<\/span><br \/><a href=\"mailto:venedig@vogellaw.de\">venedig@vogellaw.de<\/a><\/p>\n<p><strong>Monaco<\/strong><br \/>Fon: 00 2077706344<br \/><a href=\"mailto:monaco@vogellaw.de\">monaco@vogellaw.de<\/a><\/p>\n<p class=\"sf text-justify\"><strong>Nur f\u00fcr dringende Notf\u00e4lle ist das Sekretariat auch nachts besetzt.<\/strong><\/p>\n<p class=\"sf text-justify\">Die Vogel Rechtsanwaltsgesellschaft mbH geh\u00f6rt der<br \/>Rechtsanwaltskammer Berlin (<a href=\"https:\/\/web.archive.org\/web\/20220818100252\/http:\/\/www.rak-berlin.de\/\" target=\"_blank\" rel=\"noopener noreferrer\">www.rak-berlin.de<\/a>) an.<\/p>\n<p class=\"sf text-justify\">Gesch\u00e4ftsf\u00fchrer:<br \/>Rechtsanwalt Paul Vogel<br \/>Registergericht Charlottenburg<br \/>HRB 94409 B 1<\/p>\n<p class=\"sf text-justify\">USt-IdNr.: DE238462650<\/p>\n<p class=\"sf text-justify\">Berufsbezeichnung: Rechtsanwalt<\/p>\n<p class=\"sf text-justify\">Es gelten die folgenden berufsrechtlichen Regelungen:<\/p>\n<p class=\"sf text-justify\">Bundesrechtsanwaltsordnung (BRAO)<br \/>Berufsordnung f\u00fcr Rechtsanw\u00e4lte (BORA)<br \/>Bundesrechtsanwaltsgeb\u00fchrenordnung (BRAGO)<br \/>Rechtsanwaltsverg\u00fctungsgesetz (RVG) (ab 01.07.2004)<br \/>Berufsregeln der Rechtsanw\u00e4lte der Europ\u00e4ischen<br \/>Gemeinschaft (CCBE)<\/p>\n<p class=\"sf text-justify\">Die entsprechenden berufsrechtlichen Vorschriften finden Sie unter der Rubrik \u201eAngaben gem\u00e4\u00df \u00a7 5 TMG\u201d auf der Homepage der Bundesrechtsanwaltskammer unter<span>\u00a0<\/span><a href=\"https:\/\/web.archive.org\/web\/20220818100252\/http:\/\/www.brak.de\/seiten\/06.php#tdg\" target=\"_blank\" rel=\"noopener noreferrer\">www.brak.de<\/a>.<\/p>\n<p class=\"sf text-justify\">Es wird auf die<span>\u00a0<\/span><a href=\"https:\/\/web.archive.org\/web\/20220818100252\/http:\/\/ec.europa.eu\/consumers\/odr\/\" target=\"_blank\" rel=\"noopener noreferrer\">Europ\u00e4ische Online-Streitbeilegungsplattform<\/a><span>\u00a0<\/span>und die<span>\u00a0<\/span><a href=\"https:\/\/web.archive.org\/web\/20220818100252\/http:\/\/www.schlichtungsstelle-der-rechtsanwaltschaft.de\/\" target=\"_blank\" rel=\"noopener noreferrer\">Verbraucher Streitbeilegungsstelle<\/a><span>\u00a0<\/span>hingewiesen.<br \/>Mailadresse:<span>\u00a0<\/span><a href=\"https:\/\/web.archive.org\/web\/20220818100252\/mailto:info@vogellaw.de\">info@vogellaw.de<\/a><\/p>\n<p class=\"sf text-justify\">Berufshaftpflichtversicherung:<br \/>Die Vogel Rechtsanwaltsgesellschaft ist f\u00fcr Beratungsfehler in Deutschland mit einer Versicherungssumme i.H.v. 2,5 Mio EURO pro Versicherungsfall bei der R+V Versicherung AG, 65181 Wiesbaden, Versicherungsnr. 406 25 558569522 versichert. H\u00f6here \/ r\u00e4umlich ge\u00e4nderte Absicherungen sind gegen anteilige \u00dcbernahme der erh\u00f6hten Pr\u00e4mien jederzeit m\u00f6glich.<\/p>\n<p class=\"sf text-justify\"><strong>Richtlinie zum Datenschutz<\/strong><br \/>Bitte beachten Sie die Hinweise auf der Seite<span>\u00a0<\/span><a href=\"https:\/\/web.archive.org\/web\/20220818100252\/https:\/\/vogellaw.de\/datenschutz.html\" target=\"_blank\" rel=\"noopener\">Datenschutz<\/a>.<\/p>\n<p class=\"sf text-justify\"><strong>Inhalt des Onlineangebots; Haftung<\/strong><br \/>Der Dienstanbieter Vogel Rechtsanwalt GmbH entwickelt die Inhalte dieser Website stets weiter. Dabei sind wir ebenfalls um die Bereitstellung korrekter und aktueller Informationen bem\u00fcht, \u00fcbernehmen jedoch keinerlei Gew\u00e4hr bez\u00fcglich der Aktualit\u00e4t, Korrektheit, Vollst\u00e4ndigkeit oder Qualit\u00e4t der bereitgestellten Informationen.<\/p>\n<p class=\"sf text-justify\">Gegen uns m\u00f6glicherweise entstehende Haftungsanspr\u00fcche, die sich auf Sch\u00e4den materieller oder ideeller Art beziehen, welche durch die Nutzung oder Nichtnutzung der dargebotenen Informationen bzw. durch die Nutzung fehlerhafter und unvollst\u00e4ndiger Informationen verursacht wurden, sind regelm\u00e4\u00dfig ausgeschlossen, sofern unsererseits kein nachweislich vors\u00e4tzliches oder grob fahrl\u00e4ssiges Verschulden vorliegt.<\/p>\n<p class=\"sf text-justify\">Alle Angebote sind freibleibend und unverbindlich. Wir behalten uns ausdr\u00fccklich vor, Teile der Seiten oder das gesamte Angebot ohne gesonderte Ank\u00fcndigungen zu ver\u00e4ndern, zu erg\u00e4nzen, zu l\u00f6schen oder die Ver\u00f6ffentlichung zeitweise oder endg\u00fcltig einzustellen. Eine Haftung kann trotz sorgf\u00e4ltiger Bearbeitung nicht \u00fcbernommen werden.<\/p>\n<p class=\"sf text-justify\"><strong>Haftung f\u00fcr Verweise und Links; Distanzierungserkl\u00e4rung<\/strong><br \/>Bei direkten oder indirekten Verweisen auf fremde Internetseiten (\u201eLinks\u201c), die au\u00dferhalb des Verantwortungsbereiches des Diensteanbieters liegen, haftet dieser nur dann, wenn er von den Inhalten Kenntnis hat und es ihm technisch m\u00f6glich und zumutbar w\u00e4re, die Nutzung im Falle rechtswidriger Inhalte zu verhindern. Wir erkl\u00e4ren hiermit ausdr\u00fccklich, dass zum Zeitpunkt der Linksetzung die entsprechenden verlinkten Seiten frei von illegalen Inhalten waren. Wir erkl\u00e4ren weiterhin, dass wir keinerlei Einfluss auf die aktuelle und zuk\u00fcnftige Gestaltung und auf die Inhalte der gelinkten \/ verkn\u00fcpften Seiten haben. Deshalb distanzieren wir uns hiermit ausdr\u00fccklich von allen Inhalten aller gelinkten \/ verkn\u00fcpften Seiten, die nach der Linksetzung ver\u00e4ndert wurden. F\u00fcr illegale, fehlerhafte oder unvollst\u00e4ndige Inhalte und insbesondere f\u00fcr Sch\u00e4den, die aus der Nutzung oder Nichtnutzung solcherart dargebotener Informationen entstehen, haftet allein der Anbieter der Seite, auf welche verwiesen wurde, nicht derjenige, der \u00fcber Links auf die jeweilige Ver\u00f6ffentlichung lediglich verweist.<\/p>\n<p class=\"sf text-justify\">Sollte ein gesetzter Link nicht funktionieren oder auf der verlinkten Internet-Adresse rechtswidrige Inhalt zu finden sein, dann bitten wir Sie, uns umgehend per E-Mail (vogel@vogellaw.de) zu informieren, damit wir diesen Link erneut \u00fcberpr\u00fcfen und gegebenenfalls entfernen k\u00f6nnen.<\/p>\n<p class=\"sf text-justify\"><strong>Urheberrecht<\/strong><br \/>Das Copyright f\u00fcr ver\u00f6ffentlichte, selbst erstellte Objekte auf der Website bleibt allein bei Vogel Rechtsanwalt GmbH. Eine Vervielf\u00e4ltigung oder Verwendung solcher Grafiken und Texte in anderen elektronischen oder gedruckten Publikationen ist ohne schriftliche Zustimmung seitens (der) Vogel Rechtsanwalt GmbH nicht gestattet.<\/p>\n<p class=\"sf text-justify\">Der urheberrechtliche Schutz gilt insbesondere auch f\u00fcr die Bilder, Fotos und Grafiken auf dieser Website.<\/p>\n<p class=\"sf text-justify\"><strong>Information nach dem Verbraucherstreitbeilegungsgesetz<\/strong><\/p>\n<p>Bezugnehmend auf die Verordnung \u00fcber Online-Streitbeilegung in Verbraucherangelegenheiten (ODR-Verordnung) informieren wir Sie vorsorglich \u00fcber die Online-Streitbeilegungsplattform der Europ\u00e4ischen Union. \u00dcber diese haben Verbraucher die M\u00f6glichkeit, direkt Beschwerden unter<span>\u00a0<\/span><a href=\"https:\/\/web.archive.org\/web\/20220818100252\/https:\/\/ec.europa.eu\/consumers\/odr\/main\/?event=main.home2.show\" target=\"_blank\" rel=\"noopener noreferrer\">ec.europa.eu\/consumers\/odr\/main\/<\/a><span>\u00a0<\/span>zu richten. Die daf\u00fcr notwendigen Kontaktdaten sind im obigen Teil des Impressums einsehbar.<\/p>\n<p>&nbsp;<\/p>\n<p class=\"sf text-justify\">Wir weisen allerdings weiter darauf hin, dass keine Verpflichtung und ebenfalls keine Bereitschaft zur Teilnahme an einem Streitbeilegungsverfahren vor einer Verbraucherschlichtungsstelle besteht.<\/p>\n<p class=\"sf text-justify\"><strong>Rechtswirksamkeit dieses Haftungsausschlusses<\/strong><br \/>Dieser Haftungsausschluss ist als Teil des Internetangebotes zu betrachten, von dem aus auf diese Seite verwiesen wurde. Sofern Teile oder einzelne Formulierungen dieses Textes der geltenden Rechtslage nicht, nicht mehr oder nicht vollst\u00e4ndig entsprechen sollten, bleiben die \u00fcbrigen Teile des Dokumentes in ihrem Inhalt und ihrer G\u00fcltigkeit davon unber\u00fchrt.<\/p>\n<\/div>\n<\/div>\n<\/div>\n<\/div>\n<\/div>\n<div id=\"c390\" class=\"frame frame-default frame-type-textpic frame-layout-0 frame-background-none frame-no-backgroundimage frame-space-before-none frame-space-after-none\">\n<div class=\"frame-container\">\n<div class=\"frame-inner\">\n<div class=\"textpic textpic-above\">\n<div class=\"textpic-item textpic-gallery\"><\/div>\n<div class=\"textpic-item textpic-text\">\n<p class=\"text-justify\">Die Beauftragung findet i.R.d. pers\u00f6nlichen Ersttermins statt, bei welchem eine Verg\u00fctungsvereinbarung, Vollmacht und Haftungsbegrenzungserkl\u00e4rung auf 2,5 Mio. Euro oder h\u00f6her unterzeichnet wird. \u201eInternetberatungen\u201c o.\u00e4. f\u00fchrt die Vogel Rechtsanwaltsgesellschaft mbH nicht durch, da die sehr individuellen T\u00e4tigkeiten der Kanzlei nicht im Fernabsatzsystem stattfinden. Der Bearbeiter kann den pers\u00f6nlichen Kontakt auch am Sitz der Mandantschaft erm\u00f6glichen.<\/p>\n<\/div>\n<\/div>\n<\/div>\n<\/div>\n<\/div>\n<\/div>\n<\/div>\n<\/div>\n<\/div>\n<\/div>\n<p>[\/et_pb_text][\/et_pb_column][\/et_pb_row][\/et_pb_section]<\/p>\n","protected":false},"excerpt":{"rendered":"<p>Impressum Vogel Rechtsanwaltsgesellschaft mbHUnter den Linden 2110117 Berlin Fon: 0049 30 400 54 044Fax: 0049 30 400 54 045 Konferenzsaal Friedrichstr. 125 info@vogellaw.de Ausw\u00e4rtige Sprechtage finden regelm\u00e4\u00dfig in den gro\u00dfen deutschen St\u00e4dten statt. Nahezu w\u00f6chentlich dagegen in M\u00fcnchen, London und Z\u00fcrich (Post jedoch nur nach Berlin): M\u00fcnchenFon: 0049 89 59997400muenchen@vogellaw.de Baden BadenFon: 0049 7221 9250974baden@vogellaw.de [&hellip;]<\/p>\n","protected":false},"author":1,"featured_media":0,"parent":0,"menu_order":0,"comment_status":"closed","ping_status":"closed","template":"","meta":{"_et_pb_use_builder":"on","_et_pb_old_content":"<!-- wp:divi\/placeholder \/-->","_et_gb_content_width":"","footnotes":""},"class_list":["post-31","page","type-page","status-publish","hentry"],"_links":{"self":[{"href":"https:\/\/vogellaw.de\/index.php?rest_route=\/wp\/v2\/pages\/31","targetHints":{"allow":["GET"]}}],"collection":[{"href":"https:\/\/vogellaw.de\/index.php?rest_route=\/wp\/v2\/pages"}],"about":[{"href":"https:\/\/vogellaw.de\/index.php?rest_route=\/wp\/v2\/types\/page"}],"author":[{"embeddable":true,"href":"https:\/\/vogellaw.de\/index.php?rest_route=\/wp\/v2\/users\/1"}],"replies":[{"embeddable":true,"href":"https:\/\/vogellaw.de\/index.php?rest_route=%2Fwp%2Fv2%2Fcomments&post=31"}],"version-history":[{"count":8,"href":"https:\/\/vogellaw.de\/index.php?rest_route=\/wp\/v2\/pages\/31\/revisions"}],"predecessor-version":[{"id":1351,"href":"https:\/\/vogellaw.de\/index.php?rest_route=\/wp\/v2\/pages\/31\/revisions\/1351"}],"wp:attachment":[{"href":"https:\/\/vogellaw.de\/index.php?rest_route=%2Fwp%2Fv2%2Fmedia&parent=31"}],"curies":[{"name":"wp","href":"https:\/\/api.w.org\/{rel}","templated":true}]}}